{"id":12,"date":"2021-06-21T15:22:10","date_gmt":"2021-06-21T13:22:10","guid":{"rendered":"https:\/\/amo-noh.net\/?page_id=12"},"modified":"2025-05-20T15:28:00","modified_gmt":"2025-05-20T13:28:00","slug":"le-nouveau-e-mucem-ouvre-ses-portes-2","status":"publish","type":"page","link":"https:\/\/amo-noh.net\/","title":{"rendered":"Bienvenue sur le site de l&#8217;AMO de NOH"},"content":{"rendered":"<div class=\"wp-block-image\">\n<figure class=\"aligncenter size-large\"><img loading=\"lazy\" decoding=\"async\" width=\"1024\" height=\"359\" src=\"https:\/\/amo-noh.net\/wp-content\/uploads\/2023\/04\/logo-amo-sans-fond-1024x359.png\" alt=\"\" class=\"wp-image-329\" srcset=\"https:\/\/amo-noh.net\/wp-content\/uploads\/2023\/04\/logo-amo-sans-fond-1024x359.png 1024w, https:\/\/amo-noh.net\/wp-content\/uploads\/2023\/04\/logo-amo-sans-fond-300x105.png 300w, https:\/\/amo-noh.net\/wp-content\/uploads\/2023\/04\/logo-amo-sans-fond-768x269.png 768w, https:\/\/amo-noh.net\/wp-content\/uploads\/2023\/04\/logo-amo-sans-fond-1200x420.png 1200w, https:\/\/amo-noh.net\/wp-content\/uploads\/2023\/04\/logo-amo-sans-fond.png 1530w\" sizes=\"auto, (max-width: 1024px) 100vw, 1024px\" \/><\/figure>\n<\/div>\n\n\n<p class=\"has-text-align-center has-larger-font-size\">Voici le programme pour les vacances de printemps 2025:<\/p>\n\n\n\n<div data-wp-interactive=\"core\/file\" class=\"wp-block-file\"><object data-wp-bind--hidden=\"!state.hasPdfPreview\" hidden class=\"wp-block-file__embed\" data=\"https:\/\/amo-noh.net\/wp-content\/uploads\/2025\/05\/programme-vacances-printemps-2025-final-1.pdf\" type=\"application\/pdf\" style=\"width:100%;height:600px\" aria-label=\"Contenu embarqu\u00e9 programme vacances printemps 2025 final.\"><\/object><a id=\"wp-block-file--media-e9c9ff62-fcb3-4a70-93df-ea1ed1ca2ab3\" href=\"https:\/\/amo-noh.net\/wp-content\/uploads\/2025\/05\/programme-vacances-printemps-2025-final-1.pdf\">programme vacances printemps 2025 final<\/a><a href=\"https:\/\/amo-noh.net\/wp-content\/uploads\/2025\/05\/programme-vacances-printemps-2025-final-1.pdf\" class=\"wp-block-file__button wp-element-button\" download aria-describedby=\"wp-block-file--media-e9c9ff62-fcb3-4a70-93df-ea1ed1ca2ab3\">T\u00e9l\u00e9charger<\/a><\/div>\n\n\n\n<p class=\"has-text-align-center has-larger-font-size\"><img decoding=\"async\" class=\"wp-image-361\" style=\"width: NaNpx;\" src=\"https:\/\/amo-noh.net\/wp-content\/uploads\/2025\/05\/programme-vacances-printemps-2025-final.pdf\" alt=\"\"><\/p>\n\n\n\n<p class=\"has-text-align-center has-larger-font-size\"><img decoding=\"async\" class=\"wp-image-299\" style=\"width: NaNpx;\" src=\"https:\/\/amo-noh.net\/wp-content\/uploads\/2023\/02\/Programme-Carnaval-2023.pdf\" alt=\"\"><\/p>\n\n\n\n<div class=\"wp-block-group alignwide\"><div class=\"wp-block-group__inner-container is-layout-flow wp-block-group-is-layout-flow\">\n<figure class=\"wp-block-image size-large is-style-rounded\"><img loading=\"lazy\" decoding=\"async\" width=\"1024\" height=\"683\" src=\"https:\/\/amo-noh.net\/wp-content\/uploads\/2021\/10\/DSC04657_Snapseed-1024x683.jpg\" alt=\"\" class=\"wp-image-198\" srcset=\"https:\/\/amo-noh.net\/wp-content\/uploads\/2021\/10\/DSC04657_Snapseed-1024x683.jpg 1024w, https:\/\/amo-noh.net\/wp-content\/uploads\/2021\/10\/DSC04657_Snapseed-300x200.jpg 300w, https:\/\/amo-noh.net\/wp-content\/uploads\/2021\/10\/DSC04657_Snapseed-768x512.jpg 768w, https:\/\/amo-noh.net\/wp-content\/uploads\/2021\/10\/DSC04657_Snapseed-1536x1025.jpg 1536w, https:\/\/amo-noh.net\/wp-content\/uploads\/2021\/10\/DSC04657_Snapseed-2048x1366.jpg 2048w, https:\/\/amo-noh.net\/wp-content\/uploads\/2021\/10\/DSC04657_Snapseed-1200x800.jpg 1200w, https:\/\/amo-noh.net\/wp-content\/uploads\/2021\/10\/DSC04657_Snapseed-1980x1321.jpg 1980w\" sizes=\"auto, (max-width: 1024px) 100vw, 1024px\" \/><\/figure>\n\n\n\n<p>L\u2019AMO en quelques mots ?<br>C\u2019est un service d\u2019action en milieu ouvert pour les jeunes de 0 \u00e0 22 ans et leurs familles.<br>Dans une optique de pr\u00e9vention, l\u2019AMO offre une aide individuelle, participe et organise des actions communautaires et collectives.<\/p>\n\n\n<div class=\"wp-block-image is-style-rounded\">\n<figure class=\"aligncenter size-large is-resized\"><img loading=\"lazy\" decoding=\"async\" width=\"1024\" height=\"576\" src=\"https:\/\/amo-noh.net\/wp-content\/uploads\/2021\/06\/pour-qui-page-001-1024x576.jpg\" alt=\"\" class=\"wp-image-167\" style=\"width:416px;height:234px\" srcset=\"https:\/\/amo-noh.net\/wp-content\/uploads\/2021\/06\/pour-qui-page-001-1024x576.jpg 1024w, https:\/\/amo-noh.net\/wp-content\/uploads\/2021\/06\/pour-qui-page-001-300x169.jpg 300w, https:\/\/amo-noh.net\/wp-content\/uploads\/2021\/06\/pour-qui-page-001-768x432.jpg 768w, https:\/\/amo-noh.net\/wp-content\/uploads\/2021\/06\/pour-qui-page-001-1536x864.jpg 1536w, https:\/\/amo-noh.net\/wp-content\/uploads\/2021\/06\/pour-qui-page-001-2048x1152.jpg 2048w, https:\/\/amo-noh.net\/wp-content\/uploads\/2021\/06\/pour-qui-page-001-1200x675.jpg 1200w, https:\/\/amo-noh.net\/wp-content\/uploads\/2021\/06\/pour-qui-page-001-1980x1114.jpg 1980w\" sizes=\"auto, (max-width: 1024px) 100vw, 1024px\" \/><\/figure>\n<\/div>\n\n\n<p>Pour tous les jeunes qui ont besoin d\u2019une information, une aide, un conseil\u2026<br>Pour les parents qui s\u2019interrogent et qui cherchent une \u00e9coute, un soutien ou un conseil concernant leur enfant\u2026<br>Pour quoi?<\/p>\n\n\n\n<p>Tu cherches une activit\u00e9 de loisirs, une \u00e9cole, un job d\u2019\u00e9tudiant, un soutien scolaire, une formation\u2026<br>Tu as envie ou besoin de parler\u2026<br>Tu as des id\u00e9es, des projets\u2026 et tu as besoin d\u2019un coup de pouce pour les r\u00e9aliser\u2026<br>Tu as envie de participer \u00e0 des activit\u00e9s, d\u2019organiser des sorties sportives ou culturelles que tu aimes\u2026<br>Tu as besoin d\u2019informations, de renseignements ou d\u2019\u00eatre accompagn\u00e9 pour une d\u00e9marche\u2026<br>Tu es pr\u00e9occup\u00e9, dans l\u2019embarras, angoiss\u00e9, compl\u00e8tement perdu ou simplement curieux\u2026<\/p>\n<\/div><\/div>\n\n\n\n<div class=\"wp-block-group alignwide\"><div class=\"wp-block-group__inner-container is-layout-flow wp-block-group-is-layout-flow\">\n<h2 class=\"wp-block-heading has-text-align-center has-accent-color has-text-color\">pour en savoir plus sur l&#8217;AMO de NOH<\/h2>\n<\/div><\/div>\n\n\n\n<p>AIDE INDIVIDUELLE<\/p>\n\n\n\n<p>L\u2019AMO, c\u2019est un lieu o\u00f9 les jeunes et\/ou les parents peuvent \u00eatre \u00e9cout\u00e9s, conseill\u00e9s, accompagn\u00e9s dans leurs d\u00e9marches et ce, en toute confidentialit\u00e9 :<\/p>\n\n\n\n<p>Tu cherches une \u00e9cole, un job d\u2019\u00e9tudiant, un soutien scolaire, une formation\u2026<br>Tu as des soucis \u00e0 l\u2019\u00e9cole, dans la famille ou dans tes relations\u2026<br>Tu as besoin d\u2019un coup de pouce pour r\u00e9aliser tes projets<br>Tu as besoin d\u2019informations, de renseignements ou d\u2019\u00eatre accompagn\u00e9 pour une d\u00e9marche quelconque<br>Vous \u00eates parents et vous souhaitez une aide ou un renseignement sur l\u2019\u00e9ducation de vos enfants<br>\u2026<\/p>\n\n\n\n<p>Alors nous vous attendons \u00e0 notre permanence qui a lieu tous les mercredis de 13h30 \u00e0 18h vous pouvez \u00e9galement t\u00e9l\u00e9phoner pour fixer un rendez-vous un autre jour de la semaine \u00e0 votre convenance (y compris en soir\u00e9e)<\/p>\n\n\n\n<p>ACTIONS COMMUNAUTAIRES<\/p>\n\n\n\n<p>Voici une br\u00e8ve description des activit\u00e9s r\u00e9currentes que nous organisons. N\u2019h\u00e9site pas \u00e0 nous contacter pour plus d\u2019informations ou pour nous faire part de tes centres d\u2019int\u00e9r\u00eats. Ton avis compte !<\/p>\n\n\n\n<p>\u25baStylisme : Tous les mercredis de 14-16h<\/p>\n\n\n\n<figure class=\"wp-block-image size-large is-resized is-style-rounded\"><img loading=\"lazy\" decoding=\"async\" width=\"768\" height=\"1024\" src=\"https:\/\/amo-noh.net\/wp-content\/uploads\/2021\/06\/20201014_152958-768x1024.jpg\" alt=\"\" class=\"wp-image-78\" style=\"width:518px;height:690px\" srcset=\"https:\/\/amo-noh.net\/wp-content\/uploads\/2021\/06\/20201014_152958-768x1024.jpg 768w, https:\/\/amo-noh.net\/wp-content\/uploads\/2021\/06\/20201014_152958-225x300.jpg 225w, https:\/\/amo-noh.net\/wp-content\/uploads\/2021\/06\/20201014_152958-1152x1536.jpg 1152w, https:\/\/amo-noh.net\/wp-content\/uploads\/2021\/06\/20201014_152958-1536x2048.jpg 1536w, https:\/\/amo-noh.net\/wp-content\/uploads\/2021\/06\/20201014_152958-1200x1600.jpg 1200w, https:\/\/amo-noh.net\/wp-content\/uploads\/2021\/06\/20201014_152958-1980x2640.jpg 1980w, https:\/\/amo-noh.net\/wp-content\/uploads\/2021\/06\/20201014_152958-scaled.jpg 1920w\" sizes=\"auto, (max-width: 768px) 100vw, 768px\" \/><\/figure>\n\n\n\n<p>L\u2019atelier stylisme, c\u2019est le rendez-vous incontournable de la mode ! Tous les mercredis, des jeunes \u00e2g\u00e9s de 12 \u00e0 18 ans se rencontrent et cr\u00e9ent, au gr\u00e9 de leur inspiration, des sacs, v\u00eatements, \u00e9charpes\u2026<\/p>\n\n\n\n<p>Cet atelier est gratuit et accessible sur base d\u2019une inscription trimestrielle.<\/p>\n\n\n\n<p>\u25baAccompagnement dans la recherche d\u2019un Job \u00e9tudiant : sur rendez-vous<\/p>\n\n\n<div class=\"wp-block-image\">\n<figure class=\"aligncenter size-full\"><a href=\"https:\/\/jobbezmoinoh.net\/\"><img loading=\"lazy\" decoding=\"async\" width=\"914\" height=\"337\" src=\"https:\/\/amo-noh.net\/wp-content\/uploads\/2023\/04\/logo-jobbez-moi-3.png\" alt=\"\" class=\"wp-image-307\" srcset=\"https:\/\/amo-noh.net\/wp-content\/uploads\/2023\/04\/logo-jobbez-moi-3.png 914w, https:\/\/amo-noh.net\/wp-content\/uploads\/2023\/04\/logo-jobbez-moi-3-300x111.png 300w, https:\/\/amo-noh.net\/wp-content\/uploads\/2023\/04\/logo-jobbez-moi-3-768x283.png 768w\" sizes=\"auto, (max-width: 914px) 100vw, 914px\" \/><\/a><\/figure>\n<\/div>\n\n\n<p>Tu voudrais trouver un job d\u2019\u00e9tudiant mais tu ne sais pas comment t\u2019y prendre ? Alors, contacte nous pour prendre un RDV . Nous t\u2019aiderons \u00e0 r\u00e9aliser ton CV, ta lettre de motivation, \u00e0 s\u00e9lectionner les offres d\u2019emplois, \u00e0 pr\u00e9parer ton entretien d\u2019embauche\u2026<\/p>\n\n\n\n<p>\u25baSoutien scolaire: pendant l\u2019ann\u00e9e scolaire et le mois d\u2019ao\u00fbt<\/p>\n\n\n<div class=\"wp-block-image is-style-rounded\">\n<figure class=\"aligncenter size-large is-resized\"><img loading=\"lazy\" decoding=\"async\" width=\"1024\" height=\"683\" src=\"https:\/\/amo-noh.net\/wp-content\/uploads\/2021\/10\/Photo-RDV360--1024x683.jpeg\" alt=\"\" class=\"wp-image-200\" style=\"width:348px;height:232px\" srcset=\"https:\/\/amo-noh.net\/wp-content\/uploads\/2021\/10\/Photo-RDV360--1024x683.jpeg 1024w, https:\/\/amo-noh.net\/wp-content\/uploads\/2021\/10\/Photo-RDV360--300x200.jpeg 300w, https:\/\/amo-noh.net\/wp-content\/uploads\/2021\/10\/Photo-RDV360--768x512.jpeg 768w, https:\/\/amo-noh.net\/wp-content\/uploads\/2021\/10\/Photo-RDV360--1536x1024.jpeg 1536w, https:\/\/amo-noh.net\/wp-content\/uploads\/2021\/10\/Photo-RDV360--1200x800.jpeg 1200w, https:\/\/amo-noh.net\/wp-content\/uploads\/2021\/10\/Photo-RDV360--1980x1320.jpeg 1980w, https:\/\/amo-noh.net\/wp-content\/uploads\/2021\/10\/Photo-RDV360-.jpeg 2032w\" sizes=\"auto, (max-width: 1024px) 100vw, 1024px\" \/><\/figure>\n<\/div>\n\n\n<p>Le soutien scolaire s\u2019adresse aux jeunes de l\u2019enseignement secondaire. L\u2019inscription au soutien scolaire est trimestrielle. Le jeune a la possibilit\u00e9 d\u2019\u00eatre aid\u00e9, au choix, dans trois mati\u00e8res :<\/p>\n\n\n\n<ul class=\"wp-block-list\">\n<li>maths\/sciences,<\/li>\n\n\n\n<li>anglais\/n\u00e9erlandais,<\/li>\n\n\n\n<li>fran\u00e7ais et ses mati\u00e8res connexes (latin, g\u00e9ographie, histoire\u2026)<\/li>\n<\/ul>\n\n\n\n<p>Chaque cours a lieu une fois par semaine et dure 1h30. Il se donne par groupe de 6 jeunes maximum. L\u2019explication du professeur est personnalis\u00e9e, en fonction des difficult\u00e9s sp\u00e9cifiques que le jeune pr\u00e9sente.<br>Une session sp\u00e9ciale \u00ab examens de passage \u00bb est \u00e9galement organis\u00e9e durant les deux derni\u00e8res semaines du mois d\u2019ao\u00fbt.<\/p>\n\n\n\n<p>\u25baTravail de Rue : chaque semaine<\/p>\n\n\n\n<figure class=\"wp-block-image size-large is-style-rounded\"><img loading=\"lazy\" decoding=\"async\" width=\"1024\" height=\"768\" src=\"https:\/\/amo-noh.net\/wp-content\/uploads\/2021\/06\/WhatsApp-Image-2020-12-17-at-17.37.08-1024x768.jpeg\" alt=\"\" class=\"wp-image-58\" srcset=\"https:\/\/amo-noh.net\/wp-content\/uploads\/2021\/06\/WhatsApp-Image-2020-12-17-at-17.37.08-1024x768.jpeg 1024w, https:\/\/amo-noh.net\/wp-content\/uploads\/2021\/06\/WhatsApp-Image-2020-12-17-at-17.37.08-300x225.jpeg 300w, https:\/\/amo-noh.net\/wp-content\/uploads\/2021\/06\/WhatsApp-Image-2020-12-17-at-17.37.08-768x576.jpeg 768w, https:\/\/amo-noh.net\/wp-content\/uploads\/2021\/06\/WhatsApp-Image-2020-12-17-at-17.37.08-1536x1152.jpeg 1536w, https:\/\/amo-noh.net\/wp-content\/uploads\/2021\/06\/WhatsApp-Image-2020-12-17-at-17.37.08-1200x900.jpeg 1200w, https:\/\/amo-noh.net\/wp-content\/uploads\/2021\/06\/WhatsApp-Image-2020-12-17-at-17.37.08.jpeg 1920w\" sizes=\"auto, (max-width: 1024px) 100vw, 1024px\" \/><\/figure>\n\n\n\n<p>Afin d\u2019aller \u00e0 votre rencontre et de nous rendre plus accessibles \u00e0 notre public, nous sommes pr\u00e9sents dans le quartier du mardi au vendredi sur les diff\u00e9rents quartiers de NOH. Le Mardi sur la plaine de Jeu de Bruyn et dans les environ des \u00e9coles, le mercredi \u00e0 Versailles, le vendredi au Val Maria et Versailles.<\/p>\n\n\n\n<p>Notre pr\u00e9sence dans les quartiers est plus fr\u00e9quente pendant les vacances scolaires.<\/p>\n\n\n\n<p>\u25ba R\u00e9cits Sans Fronti\u00e8res<\/p>\n\n\n\n<figure class=\"wp-block-image size-large is-resized is-style-default\"><img loading=\"lazy\" decoding=\"async\" width=\"669\" height=\"911\" src=\"https:\/\/amo-noh.net\/wp-content\/uploads\/2021\/06\/rSF.png\" alt=\"\" class=\"wp-image-106\" style=\"width:642px;height:874px\" srcset=\"https:\/\/amo-noh.net\/wp-content\/uploads\/2021\/06\/rSF.png 669w, https:\/\/amo-noh.net\/wp-content\/uploads\/2021\/06\/rSF-220x300.png 220w\" sizes=\"auto, (max-width: 669px) 100vw, 669px\" \/><\/figure>\n\n\n\n<p>Espaces de rencontres entre les jeunes MENA (Mineurs \u00c9trangers Non Accompagn\u00e9s) r\u00e9sidant au centre Fedasil (Agence f\u00e9d\u00e9rale pour l\u2019accueil des demandeurs d\u2019asile) de NOH et des \u00e9l\u00e8ves d\u2019\u00e9coles de Bruxelles.<\/p>\n\n\n\n<p>Le projet est le fruit d\u2019une collaboration entre les \u00e9coles de la r\u00e9gion Bruxelloise, le centre d\u2019observation et d\u2019orientation pour jeunes mineurs \u00e9trangers non accompagn\u00e9 de Fedasil et l\u2019A.M.O de N.O.H. Nous avons ax\u00e9 notre projet autour de la rencontre entre ces jeunes, et la d\u00e9couverte de ce qui les rassemble, et ce malgr\u00e9 leurs diff\u00e9rences. Ce projet a pour vocation, d\u2019une part de permettre aux MENA de rencontrer des jeunes de leur \u00e2ge, d\u2019autre part, d\u2019offrir la chance aux \u00e9l\u00e8ves scolaris\u00e9s de d\u00e9couvrir la question de l\u2019immigration \u00e0 travers une exp\u00e9rience unique.<\/p>\n\n\n\n<p>Retrouvez la pr\u00e9sentation compl\u00e8te et les images sur le blog du projet: <a href=\"http:\/\/novelladegiorgi.com\/recit-sans-frontieres\/\" target=\"_blank\" rel=\"noreferrer noopener\">http:\/\/novelladegiorgi.com\/recit-sans-frontieres\/<\/a><\/p>\n\n\n\n<p>Par ailleurs, chaque mois, nous rencontrons un groupe de jeunes du Centre Fedasil pour leur pr\u00e9senter les services AMO.<\/p>\n\n\n\n<p>\u25baActions communautaires pendant les vacances<\/p>\n\n\n\n<p>Il s\u2019agit des activit\u00e9s r\u00e9guli\u00e8res, propos\u00e9es \u00e0 chaque p\u00e9riode de vacances<br>Participation sur inscription.<br>Depuis 2010, nos activit\u00e9s sont organis\u00e9es sous forme de stage.<\/p>\n\n\n\n<p>Il peut s\u2019agir de :<\/p>\n\n\n\n<p>\u066dActivit\u00e9s sportives<br>Nous proposons souvent des activit\u00e9s sportives, choisies en fonction des demandes des jeunes et des moyens dont nous disposons.<br>Nous participons \u00e0 l\u2019\u00e9v\u00e9nement Basket en libert\u00e9 organis\u00e9 par l\u2019asbl Promo Basket et, jusqu\u2019en 2015, nous avons propos\u00e9 chaque ann\u00e9e un tournoi de mini foot. A l\u2019avenir, ce tournoi aura uniquement si il y a une demande et une participation des jeunes \u00e0 son organisation.<\/p>\n\n\n\n<p>\u066d Activit\u00e9s artistiques et culinaires<br>Nous organisons des activit\u00e9s cr\u00e9atives en rapport avec l\u2019\u00e9v\u00e8nement du moment. Ainsi, avec nos jeunes artistes, nous r\u00e9alisons des masques et pr\u00e9parons des cr\u00eapes pour Carnaval, modelons des paniers en terre pour les \u0153ufs de P\u00e2ques, cuisinons une soupe au potiron pour Halloween, r\u00e9alisons des d\u00e9corations \u00e0 No\u00ebl,\u2026<\/p>\n\n\n\n<p>\u066dJeux de soci\u00e9t\u00e9<\/p>\n\n\n\n<p>C\u2019est l\u2019occasion de pouvoir apprendre ou r\u00e9apprendre le plaisir de jouer, pour les petits comme pour les grands, tous ensemble.<\/p>\n\n\n\n<p>Nous organisons r\u00e9guli\u00e8rement des activit\u00e9s en collaboration avec les associations du quartiers comme le Groupe des mamans, la Maison de Quartier, Fedasil NOH, \u2026<\/p>\n\n\n\n<p><\/p>\n","protected":false},"excerpt":{"rendered":"<p>Voici le programme pour les vacances de printemps 2025: L\u2019AMO en quelques mots ?C\u2019est un service d\u2019action en milieu ouvert pour les jeunes de 0 \u00e0 22 ans et leurs familles.Dans une optique de pr\u00e9vention, l\u2019AMO offre une aide individuelle, participe et organise des actions communautaires et collectives. Pour tous les jeunes qui ont besoin [&hellip;]<\/p>\n","protected":false},"author":1,"featured_media":40,"parent":0,"menu_order":0,"comment_status":"closed","ping_status":"closed","template":"","meta":{"footnotes":""},"class_list":["post-12","page","type-page","status-publish","has-post-thumbnail","hentry"],"_links":{"self":[{"href":"https:\/\/amo-noh.net\/index.php?rest_route=\/wp\/v2\/pages\/12","targetHints":{"allow":["GET"]}}],"collection":[{"href":"https:\/\/amo-noh.net\/index.php?rest_route=\/wp\/v2\/pages"}],"about":[{"href":"https:\/\/amo-noh.net\/index.php?rest_route=\/wp\/v2\/types\/page"}],"author":[{"embeddable":true,"href":"https:\/\/amo-noh.net\/index.php?rest_route=\/wp\/v2\/users\/1"}],"replies":[{"embeddable":true,"href":"https:\/\/amo-noh.net\/index.php?rest_route=%2Fwp%2Fv2%2Fcomments&post=12"}],"version-history":[{"count":55,"href":"https:\/\/amo-noh.net\/index.php?rest_route=\/wp\/v2\/pages\/12\/revisions"}],"predecessor-version":[{"id":374,"href":"https:\/\/amo-noh.net\/index.php?rest_route=\/wp\/v2\/pages\/12\/revisions\/374"}],"wp:featuredmedia":[{"embeddable":true,"href":"https:\/\/amo-noh.net\/index.php?rest_route=\/wp\/v2\/media\/40"}],"wp:attachment":[{"href":"https:\/\/amo-noh.net\/index.php?rest_route=%2Fwp%2Fv2%2Fmedia&parent=12"}],"curies":[{"name":"wp","href":"https:\/\/api.w.org\/{rel}","templated":true}]}}