{"id":13,"date":"2021-06-21T15:22:10","date_gmt":"2021-06-21T13:22:10","guid":{"rendered":"https:\/\/amo-noh.net\/?page_id=13"},"modified":"2025-05-20T15:19:09","modified_gmt":"2025-05-20T13:19:09","slug":"a-propos-de","status":"publish","type":"page","link":"https:\/\/amo-noh.net\/?page_id=13","title":{"rendered":"\u00c0 propos de nous"},"content":{"rendered":"\n<p class=\"has-primary-color has-text-color has-larger-font-size\">Notre \u00e9quipe:<\/p>\n\n\n<div class=\"wp-block-image is-style-rounded\">\n<figure class=\"aligncenter size-full is-resized\"><img loading=\"lazy\" decoding=\"async\" width=\"794\" height=\"1156\" src=\"https:\/\/amo-noh.net\/wp-content\/uploads\/2025\/05\/WhatsApp-Image-2025-05-20-a-15.21.07_fc3a0d10.jpg\" alt=\"\" class=\"wp-image-370\" style=\"aspect-ratio:0.9709864603481625;width:456px;height:auto\" srcset=\"https:\/\/amo-noh.net\/wp-content\/uploads\/2025\/05\/WhatsApp-Image-2025-05-20-a-15.21.07_fc3a0d10.jpg 794w, https:\/\/amo-noh.net\/wp-content\/uploads\/2025\/05\/WhatsApp-Image-2025-05-20-a-15.21.07_fc3a0d10-206x300.jpg 206w, https:\/\/amo-noh.net\/wp-content\/uploads\/2025\/05\/WhatsApp-Image-2025-05-20-a-15.21.07_fc3a0d10-703x1024.jpg 703w, https:\/\/amo-noh.net\/wp-content\/uploads\/2025\/05\/WhatsApp-Image-2025-05-20-a-15.21.07_fc3a0d10-768x1118.jpg 768w\" sizes=\"auto, (max-width: 794px) 100vw, 794px\" \/><\/figure>\n<\/div>\n\n\n<p class=\"has-text-align-center\">Louis Gillet<\/p>\n\n\n<div class=\"wp-block-image is-style-rounded\">\n<figure class=\"aligncenter size-large is-resized\"><img loading=\"lazy\" decoding=\"async\" width=\"970\" height=\"1024\" src=\"https:\/\/amo-noh.net\/wp-content\/uploads\/2021\/12\/WhatsApp-Image-2021-12-20-at-16.44.15-970x1024.jpeg\" alt=\"\" class=\"wp-image-249\" style=\"width:537px;height:566px\" srcset=\"https:\/\/amo-noh.net\/wp-content\/uploads\/2021\/12\/WhatsApp-Image-2021-12-20-at-16.44.15-970x1024.jpeg 970w, https:\/\/amo-noh.net\/wp-content\/uploads\/2021\/12\/WhatsApp-Image-2021-12-20-at-16.44.15-284x300.jpeg 284w, https:\/\/amo-noh.net\/wp-content\/uploads\/2021\/12\/WhatsApp-Image-2021-12-20-at-16.44.15-768x811.jpeg 768w, https:\/\/amo-noh.net\/wp-content\/uploads\/2021\/12\/WhatsApp-Image-2021-12-20-at-16.44.15-1200x1267.jpeg 1200w, https:\/\/amo-noh.net\/wp-content\/uploads\/2021\/12\/WhatsApp-Image-2021-12-20-at-16.44.15.jpeg 1334w\" sizes=\"auto, (max-width: 970px) 100vw, 970px\" \/><\/figure>\n<\/div>\n\n\n<p class=\"has-text-align-center\">Fran\u00e7oise Umuhoza<\/p>\n\n\n<div class=\"wp-block-image is-style-rounded\">\n<figure class=\"aligncenter size-full is-resized\"><img loading=\"lazy\" decoding=\"async\" width=\"754\" height=\"606\" src=\"https:\/\/amo-noh.net\/wp-content\/uploads\/2021\/10\/IMG-20210507-WA0008-Copie.jpg\" alt=\"\" class=\"wp-image-204\" style=\"width:534px;height:429px\" srcset=\"https:\/\/amo-noh.net\/wp-content\/uploads\/2021\/10\/IMG-20210507-WA0008-Copie.jpg 754w, https:\/\/amo-noh.net\/wp-content\/uploads\/2021\/10\/IMG-20210507-WA0008-Copie-300x241.jpg 300w\" sizes=\"auto, (max-width: 754px) 100vw, 754px\" \/><\/figure>\n<\/div>\n\n\n<p class=\"has-text-align-center\">Pauline Martinet<\/p>\n\n\n<div class=\"wp-block-image is-style-rounded\">\n<figure class=\"aligncenter size-large is-resized\"><img loading=\"lazy\" decoding=\"async\" width=\"1024\" height=\"768\" src=\"https:\/\/amo-noh.net\/wp-content\/uploads\/2021\/06\/P1030059-1024x768.jpg\" alt=\"\" class=\"wp-image-60\" style=\"width:501px;height:375px\" srcset=\"https:\/\/amo-noh.net\/wp-content\/uploads\/2021\/06\/P1030059-1024x768.jpg 1024w, https:\/\/amo-noh.net\/wp-content\/uploads\/2021\/06\/P1030059-300x225.jpg 300w, https:\/\/amo-noh.net\/wp-content\/uploads\/2021\/06\/P1030059-768x576.jpg 768w, https:\/\/amo-noh.net\/wp-content\/uploads\/2021\/06\/P1030059-1536x1152.jpg 1536w, https:\/\/amo-noh.net\/wp-content\/uploads\/2021\/06\/P1030059-2048x1536.jpg 2048w, https:\/\/amo-noh.net\/wp-content\/uploads\/2021\/06\/P1030059-1200x900.jpg 1200w, https:\/\/amo-noh.net\/wp-content\/uploads\/2021\/06\/P1030059-1980x1485.jpg 1980w\" sizes=\"auto, (max-width: 1024px) 100vw, 1024px\" \/><\/figure>\n<\/div>\n\n\n<p class=\"has-text-align-center\">Tom Coppens<\/p>\n\n\n<div class=\"wp-block-image is-style-rounded\">\n<figure class=\"aligncenter size-full is-resized\"><img loading=\"lazy\" decoding=\"async\" width=\"1024\" height=\"1536\" src=\"https:\/\/amo-noh.net\/wp-content\/uploads\/2025\/05\/WhatsApp-Image-2025-05-20-a-15.05.13_299453e3.jpg\" alt=\"\" class=\"wp-image-369\" style=\"width:392px;height:auto\" srcset=\"https:\/\/amo-noh.net\/wp-content\/uploads\/2025\/05\/WhatsApp-Image-2025-05-20-a-15.05.13_299453e3.jpg 1024w, https:\/\/amo-noh.net\/wp-content\/uploads\/2025\/05\/WhatsApp-Image-2025-05-20-a-15.05.13_299453e3-200x300.jpg 200w, https:\/\/amo-noh.net\/wp-content\/uploads\/2025\/05\/WhatsApp-Image-2025-05-20-a-15.05.13_299453e3-683x1024.jpg 683w, https:\/\/amo-noh.net\/wp-content\/uploads\/2025\/05\/WhatsApp-Image-2025-05-20-a-15.05.13_299453e3-768x1152.jpg 768w\" sizes=\"auto, (max-width: 1024px) 100vw, 1024px\" \/><\/figure>\n<\/div>\n\n\n<p class=\"has-text-align-center\">Omaima Al Fakri Benhammadi<\/p>\n\n\n<div class=\"wp-block-image is-style-rounded\">\n<figure class=\"aligncenter size-large is-resized\"><img loading=\"lazy\" decoding=\"async\" width=\"768\" height=\"1024\" src=\"https:\/\/amo-noh.net\/wp-content\/uploads\/2021\/06\/IMG_20190705_163645-768x1024.jpg\" alt=\"\" class=\"wp-image-93\" style=\"width:498px;height:664px\" srcset=\"https:\/\/amo-noh.net\/wp-content\/uploads\/2021\/06\/IMG_20190705_163645-768x1024.jpg 768w, https:\/\/amo-noh.net\/wp-content\/uploads\/2021\/06\/IMG_20190705_163645-225x300.jpg 225w, https:\/\/amo-noh.net\/wp-content\/uploads\/2021\/06\/IMG_20190705_163645-1152x1536.jpg 1152w, https:\/\/amo-noh.net\/wp-content\/uploads\/2021\/06\/IMG_20190705_163645-1536x2048.jpg 1536w, https:\/\/amo-noh.net\/wp-content\/uploads\/2021\/06\/IMG_20190705_163645-1200x1600.jpg 1200w, https:\/\/amo-noh.net\/wp-content\/uploads\/2021\/06\/IMG_20190705_163645-1980x2640.jpg 1980w, https:\/\/amo-noh.net\/wp-content\/uploads\/2021\/06\/IMG_20190705_163645-scaled.jpg 1920w\" sizes=\"auto, (max-width: 768px) 100vw, 768px\" \/><\/figure>\n<\/div>\n\n\n<p class=\"has-text-align-center\">R\u00e9my Ficheroule<\/p>\n\n\n<div class=\"wp-block-image is-style-rounded\">\n<figure class=\"aligncenter size-full is-resized\"><img loading=\"lazy\" decoding=\"async\" width=\"1707\" height=\"2560\" src=\"https:\/\/amo-noh.net\/wp-content\/uploads\/2025\/05\/DSC02793-1-scaled.jpg\" alt=\"\" class=\"wp-image-368\" style=\"width:446px;height:auto\" srcset=\"https:\/\/amo-noh.net\/wp-content\/uploads\/2025\/05\/DSC02793-1-scaled.jpg 1707w, https:\/\/amo-noh.net\/wp-content\/uploads\/2025\/05\/DSC02793-1-200x300.jpg 200w, https:\/\/amo-noh.net\/wp-content\/uploads\/2025\/05\/DSC02793-1-683x1024.jpg 683w, https:\/\/amo-noh.net\/wp-content\/uploads\/2025\/05\/DSC02793-1-768x1152.jpg 768w, https:\/\/amo-noh.net\/wp-content\/uploads\/2025\/05\/DSC02793-1-1024x1536.jpg 1024w, https:\/\/amo-noh.net\/wp-content\/uploads\/2025\/05\/DSC02793-1-1365x2048.jpg 1365w, https:\/\/amo-noh.net\/wp-content\/uploads\/2025\/05\/DSC02793-1-1200x1800.jpg 1200w, https:\/\/amo-noh.net\/wp-content\/uploads\/2025\/05\/DSC02793-1-1980x2970.jpg 1980w\" sizes=\"auto, (max-width: 1707px) 100vw, 1707px\" \/><\/figure>\n<\/div>\n\n\n<p class=\"has-text-align-center\"> Na\u00efm Lfahem<\/p>\n\n\n\n<p class=\"has-text-align-center\">Directeur<\/p>\n\n\n\n<p>Notre adresse: <\/p>\n\n\n\n<p><\/p>\n\n\n<div class=\"wp-block-image\">\n<figure class=\"aligncenter size-large\"><img loading=\"lazy\" decoding=\"async\" width=\"445\" height=\"396\" src=\"https:\/\/amo-noh.net\/wp-content\/uploads\/2021\/06\/mapnohamo.png\" alt=\"\" class=\"wp-image-130\" srcset=\"https:\/\/amo-noh.net\/wp-content\/uploads\/2021\/06\/mapnohamo.png 445w, https:\/\/amo-noh.net\/wp-content\/uploads\/2021\/06\/mapnohamo-300x267.png 300w\" sizes=\"auto, (max-width: 445px) 100vw, 445px\" \/><\/figure>\n<\/div>\n\n\n<p class=\"has-text-align-center\">AMO de NOH<br>Rue de Heembeek 240-242<br>1120 \u2013 Neder-Over -Heembeek<br>T\u00e9 l- Fax: 02\/267.36.67<br>Gsm : 0495\/162988<br>Email: contact@amo-noh.net<br>Direction: Lfahem Na\u00efm<\/p>\n","protected":false},"excerpt":{"rendered":"<p>Notre \u00e9quipe: Louis Gillet Fran\u00e7oise Umuhoza Pauline Martinet Tom Coppens Omaima Al Fakri Benhammadi R\u00e9my Ficheroule Na\u00efm Lfahem Directeur Notre adresse: AMO de NOHRue de Heembeek 240-2421120 \u2013 Neder-Over -HeembeekT\u00e9 l- Fax: 02\/267.36.67Gsm : 0495\/162988Email: contact@amo-noh.netDirection: Lfahem Na\u00efm<\/p>\n","protected":false},"author":1,"featured_media":0,"parent":0,"menu_order":0,"comment_status":"closed","ping_status":"closed","template":"","meta":{"footnotes":""},"class_list":["post-13","page","type-page","status-publish","hentry"],"_links":{"self":[{"href":"https:\/\/amo-noh.net\/index.php?rest_route=\/wp\/v2\/pages\/13","targetHints":{"allow":["GET"]}}],"collection":[{"href":"https:\/\/amo-noh.net\/index.php?rest_route=\/wp\/v2\/pages"}],"about":[{"href":"https:\/\/amo-noh.net\/index.php?rest_route=\/wp\/v2\/types\/page"}],"author":[{"embeddable":true,"href":"https:\/\/amo-noh.net\/index.php?rest_route=\/wp\/v2\/users\/1"}],"replies":[{"embeddable":true,"href":"https:\/\/amo-noh.net\/index.php?rest_route=%2Fwp%2Fv2%2Fcomments&post=13"}],"version-history":[{"count":6,"href":"https:\/\/amo-noh.net\/index.php?rest_route=\/wp\/v2\/pages\/13\/revisions"}],"predecessor-version":[{"id":371,"href":"https:\/\/amo-noh.net\/index.php?rest_route=\/wp\/v2\/pages\/13\/revisions\/371"}],"wp:attachment":[{"href":"https:\/\/amo-noh.net\/index.php?rest_route=%2Fwp%2Fv2%2Fmedia&parent=13"}],"curies":[{"name":"wp","href":"https:\/\/api.w.org\/{rel}","templated":true}]}}