{"id":140,"date":"2021-06-22T17:09:24","date_gmt":"2021-06-22T15:09:24","guid":{"rendered":"https:\/\/amo-noh.net\/?page_id=140"},"modified":"2021-10-27T14:05:02","modified_gmt":"2021-10-27T12:05:02","slug":"radio-canape-2020","status":"publish","type":"page","link":"https:\/\/amo-noh.net\/?page_id=140","title":{"rendered":"Radio Canap\u00e9 2020"},"content":{"rendered":"\n<figure class=\"wp-block-image size-large\"><img loading=\"lazy\" decoding=\"async\" width=\"1024\" height=\"724\" src=\"https:\/\/amo-noh.net\/wp-content\/uploads\/2021\/06\/radiocanape-1024x724.png\" alt=\"\" class=\"wp-image-146\" srcset=\"https:\/\/amo-noh.net\/wp-content\/uploads\/2021\/06\/radiocanape-1024x724.png 1024w, https:\/\/amo-noh.net\/wp-content\/uploads\/2021\/06\/radiocanape-300x212.png 300w, https:\/\/amo-noh.net\/wp-content\/uploads\/2021\/06\/radiocanape-768x543.png 768w, https:\/\/amo-noh.net\/wp-content\/uploads\/2021\/06\/radiocanape-1536x1086.png 1536w, https:\/\/amo-noh.net\/wp-content\/uploads\/2021\/06\/radiocanape-2048x1448.png 2048w, https:\/\/amo-noh.net\/wp-content\/uploads\/2021\/06\/radiocanape-1200x848.png 1200w, https:\/\/amo-noh.net\/wp-content\/uploads\/2021\/06\/radiocanape-1980x1400.png 1980w\" sizes=\"auto, (max-width: 1024px) 100vw, 1024px\" \/><\/figure>\n\n\n\n<figure class=\"wp-block-image size-large\"><img loading=\"lazy\" decoding=\"async\" width=\"1024\" height=\"768\" src=\"https:\/\/amo-noh.net\/wp-content\/uploads\/2021\/10\/WhatsApp-Image-2021-10-27-at-14.03.56-1024x768.jpeg\" alt=\"\" class=\"wp-image-195\" srcset=\"https:\/\/amo-noh.net\/wp-content\/uploads\/2021\/10\/WhatsApp-Image-2021-10-27-at-14.03.56-1024x768.jpeg 1024w, https:\/\/amo-noh.net\/wp-content\/uploads\/2021\/10\/WhatsApp-Image-2021-10-27-at-14.03.56-300x225.jpeg 300w, https:\/\/amo-noh.net\/wp-content\/uploads\/2021\/10\/WhatsApp-Image-2021-10-27-at-14.03.56-768x576.jpeg 768w, https:\/\/amo-noh.net\/wp-content\/uploads\/2021\/10\/WhatsApp-Image-2021-10-27-at-14.03.56-1536x1152.jpeg 1536w, https:\/\/amo-noh.net\/wp-content\/uploads\/2021\/10\/WhatsApp-Image-2021-10-27-at-14.03.56-1200x900.jpeg 1200w, https:\/\/amo-noh.net\/wp-content\/uploads\/2021\/10\/WhatsApp-Image-2021-10-27-at-14.03.56.jpeg 1920w\" sizes=\"auto, (max-width: 1024px) 100vw, 1024px\" \/><\/figure>\n\n\n\n<figure class=\"wp-block-audio\"><audio controls src=\"https:\/\/amo-noh.net\/wp-content\/uploads\/2021\/06\/premiere-emission-radio-canape-13-avril-2020-derniere-version.mp3\"><\/audio><figcaption>premi\u00e8re \u00e9mission de Radio Canap\u00e9 du 13 avril 2020<\/figcaption><\/figure>\n\n\n\n<figure class=\"wp-block-audio\"><audio controls src=\"https:\/\/amo-noh.net\/wp-content\/uploads\/2021\/06\/emission-2-du-23-avril-2020-derniere-version.mp3\"><\/audio><figcaption>deuxi\u00e8me \u00e9mission Radio Canap\u00e9 du 23 avril 2020<\/figcaption><\/figure>\n\n\n\n<figure class=\"wp-block-audio\"><audio controls src=\"https:\/\/amo-noh.net\/wp-content\/uploads\/2021\/06\/emission-3-radio-canape-30-avril-2020-version-finale.mp3\"><\/audio><figcaption>troisi\u00e8me \u00e9mission radio canap\u00e9 du 30 avril 2020<\/figcaption><\/figure>\n\n\n\n<figure class=\"wp-block-audio\"><audio controls src=\"https:\/\/amo-noh.net\/wp-content\/uploads\/2021\/06\/emission-4-de-Radio-canape-du-16-mai-2020-.mp3\"><\/audio><figcaption>quatri\u00e8me \u00e9mission radio canap\u00e9 du 16 mai 2020<\/figcaption><\/figure>\n\n\n\n<figure class=\"wp-block-audio\"><audio controls src=\"https:\/\/amo-noh.net\/wp-content\/uploads\/2021\/06\/emission-6-radio-canape-29-mai-2020.mp3\"><\/audio><figcaption>cinqui\u00e8me \u00e9mission Radio Canap\u00e9 29 mai 2020<\/figcaption><\/figure>\n\n\n\n<figure class=\"wp-block-audio\"><audio controls src=\"https:\/\/amo-noh.net\/wp-content\/uploads\/2021\/06\/emission-7-clean-juin2020.mp3\"><\/audio><figcaption>sixi\u00e8me \u00e9mission Radio Canap\u00e9 8 juin 2020 <\/figcaption><\/figure>\n\n\n\n<p><\/p>\n","protected":false},"excerpt":{"rendered":"","protected":false},"author":1,"featured_media":0,"parent":0,"menu_order":0,"comment_status":"closed","ping_status":"closed","template":"","meta":{"footnotes":""},"class_list":["post-140","page","type-page","status-publish","hentry"],"_links":{"self":[{"href":"https:\/\/amo-noh.net\/index.php?rest_route=\/wp\/v2\/pages\/140","targetHints":{"allow":["GET"]}}],"collection":[{"href":"https:\/\/amo-noh.net\/index.php?rest_route=\/wp\/v2\/pages"}],"about":[{"href":"https:\/\/amo-noh.net\/index.php?rest_route=\/wp\/v2\/types\/page"}],"author":[{"embeddable":true,"href":"https:\/\/amo-noh.net\/index.php?rest_route=\/wp\/v2\/users\/1"}],"replies":[{"embeddable":true,"href":"https:\/\/amo-noh.net\/index.php?rest_route=%2Fwp%2Fv2%2Fcomments&post=140"}],"version-history":[{"count":8,"href":"https:\/\/amo-noh.net\/index.php?rest_route=\/wp\/v2\/pages\/140\/revisions"}],"predecessor-version":[{"id":196,"href":"https:\/\/amo-noh.net\/index.php?rest_route=\/wp\/v2\/pages\/140\/revisions\/196"}],"wp:attachment":[{"href":"https:\/\/amo-noh.net\/index.php?rest_route=%2Fwp%2Fv2%2Fmedia&parent=140"}],"curies":[{"name":"wp","href":"https:\/\/api.w.org\/{rel}","templated":true}]}}